{"id":106,"date":"2025-06-22T10:30:26","date_gmt":"2025-06-22T08:30:26","guid":{"rendered":"http:\/\/sandradebauge-psychologue.fr\/?page_id=106"},"modified":"2025-10-17T16:32:28","modified_gmt":"2025-10-17T14:32:28","slug":"prestations","status":"publish","type":"page","link":"https:\/\/sandradebauge-psychologue.fr\/index.php\/prestations\/","title":{"rendered":"Prestations"},"content":{"rendered":"\t\t<div data-elementor-type=\"wp-page\" data-elementor-id=\"106\" class=\"elementor elementor-106\">\n\t\t\t\t<div class=\"elementor-element elementor-element-f3924be e-flex e-con-boxed e-con e-parent\" data-id=\"f3924be\" data-element_type=\"container\">\n\t\t\t\t\t<div class=\"e-con-inner\">\n\t\t\t\t<div class=\"elementor-element elementor-element-d627385 elementor-widget elementor-widget-heading\" data-id=\"d627385\" data-element_type=\"widget\" data-widget_type=\"heading.default\">\n\t\t\t\t<div class=\"elementor-widget-container\">\n\t\t\t\t\t<h2 class=\"elementor-heading-title elementor-size-default\">Prestations<\/h2>\t\t\t\t<\/div>\n\t\t\t\t<\/div>\n\t\t\t\t\t<\/div>\n\t\t\t\t<\/div>\n\t\t<div class=\"elementor-element elementor-element-416ddb6 e-flex e-con-boxed e-con e-parent\" data-id=\"416ddb6\" data-element_type=\"container\">\n\t\t\t\t\t<div class=\"e-con-inner\">\n\t\t<div class=\"elementor-element elementor-element-4c876f5 e-con-full e-flex e-con e-child\" data-id=\"4c876f5\" data-element_type=\"container\">\n\t\t\t\t<div class=\"elementor-element elementor-element-0362a42 elementor-align-center elementor-widget elementor-widget-button\" data-id=\"0362a42\" data-element_type=\"widget\" data-widget_type=\"button.default\">\n\t\t\t\t<div class=\"elementor-widget-container\">\n\t\t\t\t\t\t\t\t\t<div class=\"elementor-button-wrapper\">\n\t\t\t\t\t<a class=\"elementor-button elementor-button-link elementor-size-sm\" href=\"https:\/\/sandradebauge-psychologue.fr\/index.php\/soutien-psychologique\/\">\n\t\t\t\t\t\t<span class=\"elementor-button-content-wrapper\">\n\t\t\t\t\t\t<span class=\"elementor-button-icon\">\n\t\t\t\t<svg aria-hidden=\"true\" class=\"e-font-icon-svg e-fas-arrow-circle-right\" viewBox=\"0 0 512 512\" xmlns=\"http:\/\/www.w3.org\/2000\/svg\"><path d=\"M256 8c137 0 248 111 248 248S393 504 256 504 8 393 8 256 119 8 256 8zm-28.9 143.6l75.5 72.4H120c-13.3 0-24 10.7-24 24v16c0 13.3 10.7 24 24 24h182.6l-75.5 72.4c-9.7 9.3-9.9 24.8-.4 34.3l11 10.9c9.4 9.4 24.6 9.4 33.9 0L404.3 273c9.4-9.4 9.4-24.6 0-33.9L271.6 106.3c-9.4-9.4-24.6-9.4-33.9 0l-11 10.9c-9.5 9.6-9.3 25.1.4 34.4z\"><\/path><\/svg>\t\t\t<\/span>\n\t\t\t\t\t\t\t\t\t<span class=\"elementor-button-text\">Soutien psychologique<\/span>\n\t\t\t\t\t<\/span>\n\t\t\t\t\t<\/a>\n\t\t\t\t<\/div>\n\t\t\t\t\t\t\t\t<\/div>\n\t\t\t\t<\/div>\n\t\t\t\t<\/div>\n\t\t<div class=\"elementor-element elementor-element-d2fd6db e-con-full e-flex e-con e-child\" data-id=\"d2fd6db\" data-element_type=\"container\">\n\t\t\t\t<div class=\"elementor-element elementor-element-d20c469 elementor-align-center elementor-widget elementor-widget-button\" data-id=\"d20c469\" data-element_type=\"widget\" data-widget_type=\"button.default\">\n\t\t\t\t<div class=\"elementor-widget-container\">\n\t\t\t\t\t\t\t\t\t<div class=\"elementor-button-wrapper\">\n\t\t\t\t\t<a class=\"elementor-button elementor-button-link elementor-size-sm\" href=\"https:\/\/sandradebauge-psychologue.fr\/index.php\/psychotherapie\/\">\n\t\t\t\t\t\t<span class=\"elementor-button-content-wrapper\">\n\t\t\t\t\t\t<span class=\"elementor-button-icon\">\n\t\t\t\t<svg aria-hidden=\"true\" class=\"e-font-icon-svg e-fas-arrow-circle-right\" viewBox=\"0 0 512 512\" xmlns=\"http:\/\/www.w3.org\/2000\/svg\"><path d=\"M256 8c137 0 248 111 248 248S393 504 256 504 8 393 8 256 119 8 256 8zm-28.9 143.6l75.5 72.4H120c-13.3 0-24 10.7-24 24v16c0 13.3 10.7 24 24 24h182.6l-75.5 72.4c-9.7 9.3-9.9 24.8-.4 34.3l11 10.9c9.4 9.4 24.6 9.4 33.9 0L404.3 273c9.4-9.4 9.4-24.6 0-33.9L271.6 106.3c-9.4-9.4-24.6-9.4-33.9 0l-11 10.9c-9.5 9.6-9.3 25.1.4 34.4z\"><\/path><\/svg>\t\t\t<\/span>\n\t\t\t\t\t\t\t\t\t<span class=\"elementor-button-text\">Th\u00e9rapie<\/span>\n\t\t\t\t\t<\/span>\n\t\t\t\t\t<\/a>\n\t\t\t\t<\/div>\n\t\t\t\t\t\t\t\t<\/div>\n\t\t\t\t<\/div>\n\t\t\t\t<\/div>\n\t\t<div class=\"elementor-element elementor-element-cbfcecd e-con-full e-flex e-con e-child\" data-id=\"cbfcecd\" data-element_type=\"container\">\n\t\t\t\t<div class=\"elementor-element elementor-element-3099916 elementor-align-center elementor-widget elementor-widget-button\" data-id=\"3099916\" data-element_type=\"widget\" data-widget_type=\"button.default\">\n\t\t\t\t<div class=\"elementor-widget-container\">\n\t\t\t\t\t\t\t\t\t<div class=\"elementor-button-wrapper\">\n\t\t\t\t\t<a class=\"elementor-button elementor-button-link elementor-size-sm\" href=\"https:\/\/sandradebauge-psychologue.fr\/index.php\/evaluation-psychologique-et-cognitive\/\">\n\t\t\t\t\t\t<span class=\"elementor-button-content-wrapper\">\n\t\t\t\t\t\t<span class=\"elementor-button-icon\">\n\t\t\t\t<svg aria-hidden=\"true\" class=\"e-font-icon-svg e-fas-arrow-circle-right\" viewBox=\"0 0 512 512\" xmlns=\"http:\/\/www.w3.org\/2000\/svg\"><path d=\"M256 8c137 0 248 111 248 248S393 504 256 504 8 393 8 256 119 8 256 8zm-28.9 143.6l75.5 72.4H120c-13.3 0-24 10.7-24 24v16c0 13.3 10.7 24 24 24h182.6l-75.5 72.4c-9.7 9.3-9.9 24.8-.4 34.3l11 10.9c9.4 9.4 24.6 9.4 33.9 0L404.3 273c9.4-9.4 9.4-24.6 0-33.9L271.6 106.3c-9.4-9.4-24.6-9.4-33.9 0l-11 10.9c-9.5 9.6-9.3 25.1.4 34.4z\"><\/path><\/svg>\t\t\t<\/span>\n\t\t\t\t\t\t\t\t\t<span class=\"elementor-button-text\">Evaluation psychologique  et cognitive<\/span>\n\t\t\t\t\t<\/span>\n\t\t\t\t\t<\/a>\n\t\t\t\t<\/div>\n\t\t\t\t\t\t\t\t<\/div>\n\t\t\t\t<\/div>\n\t\t\t\t<\/div>\n\t\t<div class=\"elementor-element elementor-element-8bc409c e-con-full e-flex e-con e-child\" data-id=\"8bc409c\" data-element_type=\"container\">\n\t\t\t\t<div class=\"elementor-element elementor-element-0928c7e elementor-align-center elementor-widget elementor-widget-button\" data-id=\"0928c7e\" data-element_type=\"widget\" data-widget_type=\"button.default\">\n\t\t\t\t<div class=\"elementor-widget-container\">\n\t\t\t\t\t\t\t\t\t<div class=\"elementor-button-wrapper\">\n\t\t\t\t\t<a class=\"elementor-button elementor-button-link elementor-size-sm\" href=\"https:\/\/sandradebauge-psychologue.fr\/index.php\/ateliers-de-sensibilisation\/\">\n\t\t\t\t\t\t<span class=\"elementor-button-content-wrapper\">\n\t\t\t\t\t\t<span class=\"elementor-button-icon\">\n\t\t\t\t<svg aria-hidden=\"true\" class=\"e-font-icon-svg e-fas-arrow-circle-right\" viewBox=\"0 0 512 512\" xmlns=\"http:\/\/www.w3.org\/2000\/svg\"><path d=\"M256 8c137 0 248 111 248 248S393 504 256 504 8 393 8 256 119 8 256 8zm-28.9 143.6l75.5 72.4H120c-13.3 0-24 10.7-24 24v16c0 13.3 10.7 24 24 24h182.6l-75.5 72.4c-9.7 9.3-9.9 24.8-.4 34.3l11 10.9c9.4 9.4 24.6 9.4 33.9 0L404.3 273c9.4-9.4 9.4-24.6 0-33.9L271.6 106.3c-9.4-9.4-24.6-9.4-33.9 0l-11 10.9c-9.5 9.6-9.3 25.1.4 34.4z\"><\/path><\/svg>\t\t\t<\/span>\n\t\t\t\t\t\t\t\t\t<span class=\"elementor-button-text\">Ateliers de sensibilisation<\/span>\n\t\t\t\t\t<\/span>\n\t\t\t\t\t<\/a>\n\t\t\t\t<\/div>\n\t\t\t\t\t\t\t\t<\/div>\n\t\t\t\t<\/div>\n\t\t\t\t<\/div>\n\t\t\t\t\t<\/div>\n\t\t\t\t<\/div>\n\t\t<div class=\"elementor-element elementor-element-8f47c32 e-flex e-con-boxed e-con e-parent\" data-id=\"8f47c32\" data-element_type=\"container\">\n\t\t\t\t\t<div class=\"e-con-inner\">\n\t\t\t\t<div class=\"elementor-element elementor-element-5f085e9 elementor-widget elementor-widget-text-editor\" data-id=\"5f085e9\" data-element_type=\"widget\" data-widget_type=\"text-editor.default\">\n\t\t\t\t<div class=\"elementor-widget-container\">\n\t\t\t\t\t\t\t\t\t<p class=\"font_8 wixui-rich-text__text\"><span class=\"wixui-rich-text__text\">Lors de notre premi\u00e8re rencontre, nous \u00e9valuons ensemble vos attentes et d\u00e9terminons les objectifs \u00e0 atteindre. En fonction de vos besoins, j\u2019ajuste mon approche et vous propose diff\u00e9rents outils et fa\u00e7ons de travailler.\u00a0<\/span><\/p>\t\t\t\t\t\t\t\t<\/div>\n\t\t\t\t<\/div>\n\t\t\t\t\t<\/div>\n\t\t\t\t<\/div>\n\t\t<div class=\"elementor-element elementor-element-a7e67c6 e-flex e-con-boxed e-con e-parent\" data-id=\"a7e67c6\" data-element_type=\"container\">\n\t\t\t\t\t<div class=\"e-con-inner\">\n\t\t\t\t<div class=\"elementor-element elementor-element-5a788fe elementor-widget elementor-widget-image\" data-id=\"5a788fe\" data-element_type=\"widget\" data-widget_type=\"image.default\">\n\t\t\t\t<div class=\"elementor-widget-container\">\n\t\t\t\t\t\t\t\t\t\t\t\t\t\t\t<img fetchpriority=\"high\" decoding=\"async\" width=\"747\" height=\"638\" src=\"https:\/\/sandradebauge-psychologue.fr\/wp-content\/uploads\/2025\/08\/Sans-titre.jpg\" class=\"attachment-large size-large wp-image-379\" alt=\"\" srcset=\"https:\/\/sandradebauge-psychologue.fr\/wp-content\/uploads\/2025\/08\/Sans-titre.jpg 747w, https:\/\/sandradebauge-psychologue.fr\/wp-content\/uploads\/2025\/08\/Sans-titre-300x256.jpg 300w\" sizes=\"(max-width: 747px) 100vw, 747px\" \/>\t\t\t\t\t\t\t\t\t\t\t\t\t\t\t<\/div>\n\t\t\t\t<\/div>\n\t\t\t\t\t<\/div>\n\t\t\t\t<\/div>\n\t\t\t\t<\/div>\n\t\t","protected":false},"excerpt":{"rendered":"<p>Prestations Soutien psychologique Th\u00e9rapie Evaluation psychologique et cognitive Ateliers de sensibilisation Lors de notre premi\u00e8re rencontre, nous \u00e9valuons ensemble vos [&hellip;]<\/p>\n","protected":false},"author":1,"featured_media":0,"parent":0,"menu_order":0,"comment_status":"closed","ping_status":"closed","template":"elementor_header_footer","meta":{"_monsterinsights_skip_tracking":false,"_monsterinsights_sitenote_active":false,"_monsterinsights_sitenote_note":"","_monsterinsights_sitenote_category":0,"site-sidebar-layout":"no-sidebar","site-content-layout":"","ast-site-content-layout":"full-width-container","site-content-style":"default","site-sidebar-style":"default","ast-global-header-display":"","ast-banner-title-visibility":"","ast-main-header-display":"","ast-hfb-above-header-display":"","ast-hfb-below-header-display":"","ast-hfb-mobile-header-display":"","site-post-title":"","ast-breadcrumbs-content":"","ast-featured-img":"disabled","footer-sml-layout":"","theme-transparent-header-meta":"","adv-header-id-meta":"","stick-header-meta":"","header-above-stick-meta":"","header-main-stick-meta":"","header-below-stick-meta":"","astra-migrate-meta-layouts":"default","ast-page-background-enabled":"default","ast-page-background-meta":{"desktop":{"background-color":"var(--ast-global-color-5)","background-image":"","background-repeat":"repeat","background-position":"center center","background-size":"auto","background-attachment":"scroll","background-type":"","background-media":"","overlay-type":"","overlay-color":"","overlay-opacity":"","overlay-gradient":""},"tablet":{"background-color":"","background-image":"","background-repeat":"repeat","background-position":"center center","background-size":"auto","background-attachment":"scroll","background-type":"","background-media":"","overlay-type":"","overlay-color":"","overlay-opacity":"","overlay-gradient":""},"mobile":{"background-color":"","background-image":"","background-repeat":"repeat","background-position":"center center","background-size":"auto","background-attachment":"scroll","background-type":"","background-media":"","overlay-type":"","overlay-color":"","overlay-opacity":"","overlay-gradient":""}},"ast-content-background-meta":{"desktop":{"background-color":"var(--ast-global-color-4)","background-image":"","background-repeat":"repeat","background-position":"center center","background-size":"auto","background-attachment":"scroll","background-type":"","background-media":"","overlay-type":"","overlay-color":"","overlay-opacity":"","overlay-gradient":""},"tablet":{"background-color":"var(--ast-global-color-4)","background-image":"","background-repeat":"repeat","background-position":"center center","background-size":"auto","background-attachment":"scroll","background-type":"","background-media":"","overlay-type":"","overlay-color":"","overlay-opacity":"","overlay-gradient":""},"mobile":{"background-color":"var(--ast-global-color-4)","background-image":"","background-repeat":"repeat","background-position":"center center","background-size":"auto","background-attachment":"scroll","background-type":"","background-media":"","overlay-type":"","overlay-color":"","overlay-opacity":"","overlay-gradient":""}},"footnotes":""},"class_list":["post-106","page","type-page","status-publish","hentry"],"yoast_head":"<!-- This site is optimized with the Yoast SEO plugin v25.8 - https:\/\/yoast.com\/wordpress\/plugins\/seo\/ -->\n<title>Prestations - Sandra Debauge Psychologue clinicienne<\/title>\n<meta name=\"description\" content=\"Prise en charge des enfants, ados et adultes. Th\u00e9rapie individuelle, de couple, familiale. Evaluation psychologique et cognitive.\" \/>\n<meta name=\"robots\" content=\"index, follow, max-snippet:-1, max-image-preview:large, max-video-preview:-1\" \/>\n<link rel=\"canonical\" href=\"https:\/\/sandradebauge-psychologue.fr\/index.php\/prestations\/\" \/>\n<meta property=\"og:locale\" content=\"en_US\" \/>\n<meta property=\"og:type\" content=\"article\" \/>\n<meta property=\"og:title\" content=\"Prestations - Sandra Debauge Psychologue clinicienne\" \/>\n<meta property=\"og:description\" content=\"Prise en charge des enfants, ados et adultes. Th\u00e9rapie individuelle, de couple, familiale. Evaluation psychologique et cognitive.\" \/>\n<meta property=\"og:url\" content=\"https:\/\/sandradebauge-psychologue.fr\/index.php\/prestations\/\" \/>\n<meta property=\"og:site_name\" content=\"Sandra Debauge Psychologue clinicienne\" \/>\n<meta property=\"article:modified_time\" content=\"2025-10-17T14:32:28+00:00\" \/>\n<meta property=\"og:image\" content=\"https:\/\/sandradebauge-psychologue.fr\/wp-content\/uploads\/2025\/08\/Sans-titre.jpg\" \/>\n\t<meta property=\"og:image:width\" content=\"747\" \/>\n\t<meta property=\"og:image:height\" content=\"638\" \/>\n\t<meta property=\"og:image:type\" content=\"image\/jpeg\" \/>\n<meta name=\"twitter:card\" content=\"summary_large_image\" \/>\n<meta name=\"twitter:label1\" content=\"Est. reading time\" \/>\n\t<meta name=\"twitter:data1\" content=\"1 minute\" \/>\n<script type=\"application\/ld+json\" class=\"yoast-schema-graph\">{\"@context\":\"https:\/\/schema.org\",\"@graph\":[{\"@type\":\"WebPage\",\"@id\":\"https:\/\/sandradebauge-psychologue.fr\/index.php\/prestations\/\",\"url\":\"https:\/\/sandradebauge-psychologue.fr\/index.php\/prestations\/\",\"name\":\"Prestations - Sandra Debauge Psychologue clinicienne\",\"isPartOf\":{\"@id\":\"https:\/\/sandradebauge-psychologue.fr\/#website\"},\"primaryImageOfPage\":{\"@id\":\"https:\/\/sandradebauge-psychologue.fr\/index.php\/prestations\/#primaryimage\"},\"image\":{\"@id\":\"https:\/\/sandradebauge-psychologue.fr\/index.php\/prestations\/#primaryimage\"},\"thumbnailUrl\":\"http:\/\/sandradebauge-psychologue.fr\/wp-content\/uploads\/2025\/08\/Sans-titre.jpg\",\"datePublished\":\"2025-06-22T08:30:26+00:00\",\"dateModified\":\"2025-10-17T14:32:28+00:00\",\"description\":\"Prise en charge des enfants, ados et adultes. Th\u00e9rapie individuelle, de couple, familiale. Evaluation psychologique et cognitive.\",\"breadcrumb\":{\"@id\":\"https:\/\/sandradebauge-psychologue.fr\/index.php\/prestations\/#breadcrumb\"},\"inLanguage\":\"en-US\",\"potentialAction\":[{\"@type\":\"ReadAction\",\"target\":[\"https:\/\/sandradebauge-psychologue.fr\/index.php\/prestations\/\"]}]},{\"@type\":\"ImageObject\",\"inLanguage\":\"en-US\",\"@id\":\"https:\/\/sandradebauge-psychologue.fr\/index.php\/prestations\/#primaryimage\",\"url\":\"https:\/\/sandradebauge-psychologue.fr\/wp-content\/uploads\/2025\/08\/Sans-titre.jpg\",\"contentUrl\":\"https:\/\/sandradebauge-psychologue.fr\/wp-content\/uploads\/2025\/08\/Sans-titre.jpg\",\"width\":747,\"height\":638},{\"@type\":\"BreadcrumbList\",\"@id\":\"https:\/\/sandradebauge-psychologue.fr\/index.php\/prestations\/#breadcrumb\",\"itemListElement\":[{\"@type\":\"ListItem\",\"position\":1,\"name\":\"Accueil\",\"item\":\"https:\/\/sandradebauge-psychologue.fr\/\"},{\"@type\":\"ListItem\",\"position\":2,\"name\":\"Prestations\"}]},{\"@type\":\"WebSite\",\"@id\":\"https:\/\/sandradebauge-psychologue.fr\/#website\",\"url\":\"https:\/\/sandradebauge-psychologue.fr\/\",\"name\":\"Sandra Debauge Psychologue clinicienne\",\"description\":\"\",\"publisher\":{\"@id\":\"https:\/\/sandradebauge-psychologue.fr\/#\/schema\/person\/f40de51e12369d50aebb59eddc90d452\"},\"potentialAction\":[{\"@type\":\"SearchAction\",\"target\":{\"@type\":\"EntryPoint\",\"urlTemplate\":\"https:\/\/sandradebauge-psychologue.fr\/?s={search_term_string}\"},\"query-input\":{\"@type\":\"PropertyValueSpecification\",\"valueRequired\":true,\"valueName\":\"search_term_string\"}}],\"inLanguage\":\"en-US\"},{\"@type\":[\"Person\",\"Organization\"],\"@id\":\"https:\/\/sandradebauge-psychologue.fr\/#\/schema\/person\/f40de51e12369d50aebb59eddc90d452\",\"name\":\"Sandra DEBAUGE\",\"image\":{\"@type\":\"ImageObject\",\"inLanguage\":\"en-US\",\"@id\":\"https:\/\/sandradebauge-psychologue.fr\/#\/schema\/person\/image\/\",\"url\":\"https:\/\/secure.gravatar.com\/avatar\/69f04193f58fae03ffad36d90945e32a7eef59c7569969dbf9313ba07d1b8ef5?s=96&d=mm&r=g\",\"contentUrl\":\"https:\/\/secure.gravatar.com\/avatar\/69f04193f58fae03ffad36d90945e32a7eef59c7569969dbf9313ba07d1b8ef5?s=96&d=mm&r=g\",\"caption\":\"Sandra DEBAUGE\"},\"logo\":{\"@id\":\"https:\/\/sandradebauge-psychologue.fr\/#\/schema\/person\/image\/\"},\"sameAs\":[\"http:\/\/sandradebauge-psychologue.fr\"]}]}<\/script>\n<!-- \/ Yoast SEO plugin. -->","yoast_head_json":{"title":"Prestations - Sandra Debauge Psychologue clinicienne","description":"Prise en charge des enfants, ados et adultes. Th\u00e9rapie individuelle, de couple, familiale. Evaluation psychologique et cognitive.","robots":{"index":"index","follow":"follow","max-snippet":"max-snippet:-1","max-image-preview":"max-image-preview:large","max-video-preview":"max-video-preview:-1"},"canonical":"https:\/\/sandradebauge-psychologue.fr\/index.php\/prestations\/","og_locale":"en_US","og_type":"article","og_title":"Prestations - Sandra Debauge Psychologue clinicienne","og_description":"Prise en charge des enfants, ados et adultes. Th\u00e9rapie individuelle, de couple, familiale. Evaluation psychologique et cognitive.","og_url":"https:\/\/sandradebauge-psychologue.fr\/index.php\/prestations\/","og_site_name":"Sandra Debauge Psychologue clinicienne","article_modified_time":"2025-10-17T14:32:28+00:00","og_image":[{"width":747,"height":638,"url":"https:\/\/sandradebauge-psychologue.fr\/wp-content\/uploads\/2025\/08\/Sans-titre.jpg","type":"image\/jpeg"}],"twitter_card":"summary_large_image","twitter_misc":{"Est. reading time":"1 minute"},"schema":{"@context":"https:\/\/schema.org","@graph":[{"@type":"WebPage","@id":"https:\/\/sandradebauge-psychologue.fr\/index.php\/prestations\/","url":"https:\/\/sandradebauge-psychologue.fr\/index.php\/prestations\/","name":"Prestations - Sandra Debauge Psychologue clinicienne","isPartOf":{"@id":"https:\/\/sandradebauge-psychologue.fr\/#website"},"primaryImageOfPage":{"@id":"https:\/\/sandradebauge-psychologue.fr\/index.php\/prestations\/#primaryimage"},"image":{"@id":"https:\/\/sandradebauge-psychologue.fr\/index.php\/prestations\/#primaryimage"},"thumbnailUrl":"http:\/\/sandradebauge-psychologue.fr\/wp-content\/uploads\/2025\/08\/Sans-titre.jpg","datePublished":"2025-06-22T08:30:26+00:00","dateModified":"2025-10-17T14:32:28+00:00","description":"Prise en charge des enfants, ados et adultes. Th\u00e9rapie individuelle, de couple, familiale. Evaluation psychologique et cognitive.","breadcrumb":{"@id":"https:\/\/sandradebauge-psychologue.fr\/index.php\/prestations\/#breadcrumb"},"inLanguage":"en-US","potentialAction":[{"@type":"ReadAction","target":["https:\/\/sandradebauge-psychologue.fr\/index.php\/prestations\/"]}]},{"@type":"ImageObject","inLanguage":"en-US","@id":"https:\/\/sandradebauge-psychologue.fr\/index.php\/prestations\/#primaryimage","url":"https:\/\/sandradebauge-psychologue.fr\/wp-content\/uploads\/2025\/08\/Sans-titre.jpg","contentUrl":"https:\/\/sandradebauge-psychologue.fr\/wp-content\/uploads\/2025\/08\/Sans-titre.jpg","width":747,"height":638},{"@type":"BreadcrumbList","@id":"https:\/\/sandradebauge-psychologue.fr\/index.php\/prestations\/#breadcrumb","itemListElement":[{"@type":"ListItem","position":1,"name":"Accueil","item":"https:\/\/sandradebauge-psychologue.fr\/"},{"@type":"ListItem","position":2,"name":"Prestations"}]},{"@type":"WebSite","@id":"https:\/\/sandradebauge-psychologue.fr\/#website","url":"https:\/\/sandradebauge-psychologue.fr\/","name":"Sandra Debauge Psychologue clinicienne","description":"","publisher":{"@id":"https:\/\/sandradebauge-psychologue.fr\/#\/schema\/person\/f40de51e12369d50aebb59eddc90d452"},"potentialAction":[{"@type":"SearchAction","target":{"@type":"EntryPoint","urlTemplate":"https:\/\/sandradebauge-psychologue.fr\/?s={search_term_string}"},"query-input":{"@type":"PropertyValueSpecification","valueRequired":true,"valueName":"search_term_string"}}],"inLanguage":"en-US"},{"@type":["Person","Organization"],"@id":"https:\/\/sandradebauge-psychologue.fr\/#\/schema\/person\/f40de51e12369d50aebb59eddc90d452","name":"Sandra DEBAUGE","image":{"@type":"ImageObject","inLanguage":"en-US","@id":"https:\/\/sandradebauge-psychologue.fr\/#\/schema\/person\/image\/","url":"https:\/\/secure.gravatar.com\/avatar\/69f04193f58fae03ffad36d90945e32a7eef59c7569969dbf9313ba07d1b8ef5?s=96&d=mm&r=g","contentUrl":"https:\/\/secure.gravatar.com\/avatar\/69f04193f58fae03ffad36d90945e32a7eef59c7569969dbf9313ba07d1b8ef5?s=96&d=mm&r=g","caption":"Sandra DEBAUGE"},"logo":{"@id":"https:\/\/sandradebauge-psychologue.fr\/#\/schema\/person\/image\/"},"sameAs":["http:\/\/sandradebauge-psychologue.fr"]}]}},"_links":{"self":[{"href":"https:\/\/sandradebauge-psychologue.fr\/index.php\/wp-json\/wp\/v2\/pages\/106","targetHints":{"allow":["GET"]}}],"collection":[{"href":"https:\/\/sandradebauge-psychologue.fr\/index.php\/wp-json\/wp\/v2\/pages"}],"about":[{"href":"https:\/\/sandradebauge-psychologue.fr\/index.php\/wp-json\/wp\/v2\/types\/page"}],"author":[{"embeddable":true,"href":"https:\/\/sandradebauge-psychologue.fr\/index.php\/wp-json\/wp\/v2\/users\/1"}],"replies":[{"embeddable":true,"href":"https:\/\/sandradebauge-psychologue.fr\/index.php\/wp-json\/wp\/v2\/comments?post=106"}],"version-history":[{"count":151,"href":"https:\/\/sandradebauge-psychologue.fr\/index.php\/wp-json\/wp\/v2\/pages\/106\/revisions"}],"predecessor-version":[{"id":1321,"href":"https:\/\/sandradebauge-psychologue.fr\/index.php\/wp-json\/wp\/v2\/pages\/106\/revisions\/1321"}],"wp:attachment":[{"href":"https:\/\/sandradebauge-psychologue.fr\/index.php\/wp-json\/wp\/v2\/media?parent=106"}],"curies":[{"name":"wp","href":"https:\/\/api.w.org\/{rel}","templated":true}]}}