{"id":1237,"date":"2025-09-05T14:59:04","date_gmt":"2025-09-05T12:59:04","guid":{"rendered":"https:\/\/sandradebauge-psychologue.fr\/?page_id=1237"},"modified":"2025-09-05T15:19:19","modified_gmt":"2025-09-05T13:19:19","slug":"mentions-legales","status":"publish","type":"page","link":"https:\/\/sandradebauge-psychologue.fr\/index.php\/mentions-legales\/","title":{"rendered":"Mentions l\u00e9gales"},"content":{"rendered":"\t\t<div data-elementor-type=\"wp-page\" data-elementor-id=\"1237\" class=\"elementor elementor-1237\">\n\t\t\t\t<div class=\"elementor-element elementor-element-622d9ba e-flex e-con-boxed e-con e-parent\" data-id=\"622d9ba\" data-element_type=\"container\">\n\t\t\t\t\t<div class=\"e-con-inner\">\n\t\t\t\t<div class=\"elementor-element elementor-element-f2c9693 elementor-widget elementor-widget-text-editor\" data-id=\"f2c9693\" data-element_type=\"widget\" data-widget_type=\"text-editor.default\">\n\t\t\t\t<div class=\"elementor-widget-container\">\n\t\t\t\t\t\t\t\t\t<p><span style=\"font-weight: 400;\">En vigueur au 01\/09\/2025<\/span><\/p><p><span style=\"font-weight: 400;\">Conform\u00e9ment aux dispositions de la loi n\u00b02004-575 du 21 juin 2004 pour la Confiance en l\u2019\u00e9conomie num\u00e9rique, il est port\u00e9 \u00e0 la connaissance des utilisateurs et visiteurs, ci-apr\u00e8s l&#8217; &#8220;<\/span><b>Utilisateur<\/b><span style=\"font-weight: 400;\">&#8220;, du site www.sandradebauge-psychologue.fr , ci-apr\u00e8s le &#8220;<\/span><b>Site<\/b><span style=\"font-weight: 400;\">&#8220;, les pr\u00e9sentes mentions l\u00e9gales.<\/span><\/p><p><span style=\"font-weight: 400;\">La connexion et la navigation sur le Site par l\u2019Utilisateur implique acceptation int\u00e9grale et sans r\u00e9serve des pr\u00e9sentes mentions l\u00e9gales.<\/span><\/p><p><span style=\"font-weight: 400;\">Ces derni\u00e8res sont accessibles sur le Site \u00e0 la rubrique &#8220;<\/span><b>Mentions l\u00e9gales<\/b><span style=\"font-weight: 400;\">&#8220;.<\/span><\/p><p>\u00a0<\/p><h2><b>EDITION DU SITE<\/b><\/h2><p><span style=\"font-weight: 400;\">L\u2019\u00e9dition et la direction de la publication du Site est assur\u00e9e par Madame Sandra Debauge, domicili\u00e9e 64 Rue de Nancy 54280 Brin-sur-Seille, dont le num\u00e9ro de t\u00e9l\u00e9phone est 0636605397, et l&#8217;adresse e-mail sandra.debauge.psy@gmail.com.<\/span><\/p><p>\u00a0<\/p><p><span style=\"font-weight: 400;\">ci-apr\u00e8s l'&#8221;<\/span><b>Editeur<\/b><span style=\"font-weight: 400;\">&#8220;.<\/span><\/p><p>\u00a0<\/p><h2><b>HEBERGEUR<\/b><\/h2><p>\u00a0<\/p><p><span style=\"font-weight: 400;\">L&#8217;h\u00e9bergeur du Site est la soci\u00e9t\u00e9 OVH, dont le si\u00e8ge social est situ\u00e9 au\u00a0 2 rue Kellermann 59100 Roubaix .\u00a0<\/span><\/p><p>\u00a0<\/p><h2><b>ACCES AU SITE<\/b><\/h2><p>\u00a0<\/p><p><span style=\"font-weight: 400;\">Le Site est normalement accessible, \u00e0 tout moment, \u00e0 l&#8217;Utilisateur. Toutefois, l&#8217;Editeur pourra, \u00e0 tout moment, suspendre, limiter ou interrompre le Site afin de proc\u00e9der, notamment, \u00e0 des mises \u00e0 jour ou des modifications de son contenu. L&#8217;Editeur ne pourra en aucun cas \u00eatre tenu responsable des cons\u00e9quences \u00e9ventuelles de cette indisponibilit\u00e9 sur les activit\u00e9s de l&#8217;Utilisateur.<\/span><\/p><p>\u00a0<\/p><p><span style=\"font-weight: 400;\">ci-apr\u00e8s l'&#8221;<\/span><b>Editeur<\/b><span style=\"font-weight: 400;\">&#8220;.<\/span><\/p><p>\u00a0<\/p><h2><b>HEBERGEUR<\/b><\/h2><p>\u00a0<\/p><p><span style=\"font-weight: 400;\">L&#8217;h\u00e9bergeur du Site est la soci\u00e9t\u00e9 OVH, dont le si\u00e8ge social est situ\u00e9 au\u00a0 2 rue Kellermann 59100 Roubaix . Le num\u00e9ro de t\u00e9l\u00e9phone de l&#8217;h\u00e9bergeur est le 0955006633.<\/span><\/p><p>\u00a0<\/p><h2><b>ACCES AU SITE<\/b><\/h2><p>\u00a0<\/p><p><span style=\"font-weight: 400;\">Le Site est normalement accessible, \u00e0 tout moment, \u00e0 l&#8217;Utilisateur. Toutefois, l&#8217;Editeur pourra, \u00e0 tout moment, suspendre, limiter ou interrompre le Site afin de proc\u00e9der, notamment, \u00e0 des mises \u00e0 jour ou des modifications de son contenu. L&#8217;Editeur ne pourra en aucun cas \u00eatre tenu responsable des cons\u00e9quences \u00e9ventuelles de cette indisponibilit\u00e9 sur les activit\u00e9s de l&#8217;Utilisateur.<\/span><\/p><p><span style=\"font-weight: 400;\">\u00a0<\/span><\/p><p><span style=\"font-weight: 400;\">Toute utilisation, reproduction, diffusion, commercialisation, modification de toute ou partie du Site, sans autorisation expresse de l\u2019Editeur est prohib\u00e9e et pourra entra\u00eener des actions et poursuites judiciaires telles que pr\u00e9vues par la r\u00e8glementation en vigueur.<\/span><\/p><p><br style=\"font-weight: 400;\" \/><br style=\"font-weight: 400;\" \/><br \/><\/p>\t\t\t\t\t\t\t\t<\/div>\n\t\t\t\t<\/div>\n\t\t\t\t\t<\/div>\n\t\t\t\t<\/div>\n\t\t\t\t<\/div>\n\t\t","protected":false},"excerpt":{"rendered":"<p>En vigueur au 01\/09\/2025 Conform\u00e9ment aux dispositions de la loi n\u00b02004-575 du 21 juin 2004 pour la Confiance en l\u2019\u00e9conomie [&hellip;]<\/p>\n","protected":false},"author":1,"featured_media":0,"parent":0,"menu_order":0,"comment_status":"closed","ping_status":"closed","template":"","meta":{"_monsterinsights_skip_tracking":false,"_monsterinsights_sitenote_active":false,"_monsterinsights_sitenote_note":"","_monsterinsights_sitenote_category":0,"site-sidebar-layout":"no-sidebar","site-content-layout":"","ast-site-content-layout":"full-width-container","site-content-style":"default","site-sidebar-style":"default","ast-global-header-display":"","ast-banner-title-visibility":"","ast-main-header-display":"","ast-hfb-above-header-display":"","ast-hfb-below-header-display":"","ast-hfb-mobile-header-display":"","site-post-title":"","ast-breadcrumbs-content":"","ast-featured-img":"disabled","footer-sml-layout":"","theme-transparent-header-meta":"","adv-header-id-meta":"","stick-header-meta":"","header-above-stick-meta":"","header-main-stick-meta":"","header-below-stick-meta":"","astra-migrate-meta-layouts":"default","ast-page-background-enabled":"default","ast-page-background-meta":{"desktop":{"background-color":"var(--ast-global-color-5)","background-image":"","background-repeat":"repeat","background-position":"center center","background-size":"auto","background-attachment":"scroll","background-type":"","background-media":"","overlay-type":"","overlay-color":"","overlay-opacity":"","overlay-gradient":""},"tablet":{"background-color":"","background-image":"","background-repeat":"repeat","background-position":"center center","background-size":"auto","background-attachment":"scroll","background-type":"","background-media":"","overlay-type":"","overlay-color":"","overlay-opacity":"","overlay-gradient":""},"mobile":{"background-color":"","background-image":"","background-repeat":"repeat","background-position":"center center","background-size":"auto","background-attachment":"scroll","background-type":"","background-media":"","overlay-type":"","overlay-color":"","overlay-opacity":"","overlay-gradient":""}},"ast-content-background-meta":{"desktop":{"background-color":"var(--ast-global-color-4)","background-image":"","background-repeat":"repeat","background-position":"center center","background-size":"auto","background-attachment":"scroll","background-type":"","background-media":"","overlay-type":"","overlay-color":"","overlay-opacity":"","overlay-gradient":""},"tablet":{"background-color":"var(--ast-global-color-4)","background-image":"","background-repeat":"repeat","background-position":"center center","background-size":"auto","background-attachment":"scroll","background-type":"","background-media":"","overlay-type":"","overlay-color":"","overlay-opacity":"","overlay-gradient":""},"mobile":{"background-color":"var(--ast-global-color-4)","background-image":"","background-repeat":"repeat","background-position":"center center","background-size":"auto","background-attachment":"scroll","background-type":"","background-media":"","overlay-type":"","overlay-color":"","overlay-opacity":"","overlay-gradient":""}},"footnotes":""},"class_list":["post-1237","page","type-page","status-publish","hentry"],"yoast_head":"<!-- This site is optimized with the Yoast SEO plugin v25.8 - https:\/\/yoast.com\/wordpress\/plugins\/seo\/ -->\n<title>Mentions l\u00e9gales - Sandra Debauge Psychologue clinicienne<\/title>\n<meta name=\"robots\" content=\"index, follow, max-snippet:-1, max-image-preview:large, max-video-preview:-1\" \/>\n<link rel=\"canonical\" href=\"https:\/\/sandradebauge-psychologue.fr\/index.php\/mentions-legales\/\" \/>\n<meta property=\"og:locale\" content=\"en_US\" \/>\n<meta property=\"og:type\" content=\"article\" \/>\n<meta property=\"og:title\" content=\"Mentions l\u00e9gales - Sandra Debauge Psychologue clinicienne\" \/>\n<meta property=\"og:description\" content=\"En vigueur au 01\/09\/2025 Conform\u00e9ment aux dispositions de la loi n\u00b02004-575 du 21 juin 2004 pour la Confiance en l\u2019\u00e9conomie [&hellip;]\" \/>\n<meta property=\"og:url\" content=\"https:\/\/sandradebauge-psychologue.fr\/index.php\/mentions-legales\/\" \/>\n<meta property=\"og:site_name\" content=\"Sandra Debauge Psychologue clinicienne\" \/>\n<meta property=\"article:modified_time\" content=\"2025-09-05T13:19:19+00:00\" \/>\n<meta name=\"twitter:card\" content=\"summary_large_image\" \/>\n<meta name=\"twitter:label1\" content=\"Est. reading time\" \/>\n\t<meta name=\"twitter:data1\" content=\"2 minutes\" \/>\n<script type=\"application\/ld+json\" class=\"yoast-schema-graph\">{\"@context\":\"https:\/\/schema.org\",\"@graph\":[{\"@type\":\"WebPage\",\"@id\":\"https:\/\/sandradebauge-psychologue.fr\/index.php\/mentions-legales\/\",\"url\":\"https:\/\/sandradebauge-psychologue.fr\/index.php\/mentions-legales\/\",\"name\":\"Mentions l\u00e9gales - Sandra Debauge Psychologue clinicienne\",\"isPartOf\":{\"@id\":\"https:\/\/sandradebauge-psychologue.fr\/#website\"},\"datePublished\":\"2025-09-05T12:59:04+00:00\",\"dateModified\":\"2025-09-05T13:19:19+00:00\",\"breadcrumb\":{\"@id\":\"https:\/\/sandradebauge-psychologue.fr\/index.php\/mentions-legales\/#breadcrumb\"},\"inLanguage\":\"en-US\",\"potentialAction\":[{\"@type\":\"ReadAction\",\"target\":[\"https:\/\/sandradebauge-psychologue.fr\/index.php\/mentions-legales\/\"]}]},{\"@type\":\"BreadcrumbList\",\"@id\":\"https:\/\/sandradebauge-psychologue.fr\/index.php\/mentions-legales\/#breadcrumb\",\"itemListElement\":[{\"@type\":\"ListItem\",\"position\":1,\"name\":\"Accueil\",\"item\":\"https:\/\/sandradebauge-psychologue.fr\/\"},{\"@type\":\"ListItem\",\"position\":2,\"name\":\"Mentions l\u00e9gales\"}]},{\"@type\":\"WebSite\",\"@id\":\"https:\/\/sandradebauge-psychologue.fr\/#website\",\"url\":\"https:\/\/sandradebauge-psychologue.fr\/\",\"name\":\"Sandra Debauge Psychologue clinicienne\",\"description\":\"\",\"publisher\":{\"@id\":\"https:\/\/sandradebauge-psychologue.fr\/#\/schema\/person\/f40de51e12369d50aebb59eddc90d452\"},\"potentialAction\":[{\"@type\":\"SearchAction\",\"target\":{\"@type\":\"EntryPoint\",\"urlTemplate\":\"https:\/\/sandradebauge-psychologue.fr\/?s={search_term_string}\"},\"query-input\":{\"@type\":\"PropertyValueSpecification\",\"valueRequired\":true,\"valueName\":\"search_term_string\"}}],\"inLanguage\":\"en-US\"},{\"@type\":[\"Person\",\"Organization\"],\"@id\":\"https:\/\/sandradebauge-psychologue.fr\/#\/schema\/person\/f40de51e12369d50aebb59eddc90d452\",\"name\":\"Sandra DEBAUGE\",\"image\":{\"@type\":\"ImageObject\",\"inLanguage\":\"en-US\",\"@id\":\"https:\/\/sandradebauge-psychologue.fr\/#\/schema\/person\/image\/\",\"url\":\"https:\/\/secure.gravatar.com\/avatar\/69f04193f58fae03ffad36d90945e32a7eef59c7569969dbf9313ba07d1b8ef5?s=96&d=mm&r=g\",\"contentUrl\":\"https:\/\/secure.gravatar.com\/avatar\/69f04193f58fae03ffad36d90945e32a7eef59c7569969dbf9313ba07d1b8ef5?s=96&d=mm&r=g\",\"caption\":\"Sandra DEBAUGE\"},\"logo\":{\"@id\":\"https:\/\/sandradebauge-psychologue.fr\/#\/schema\/person\/image\/\"},\"sameAs\":[\"http:\/\/sandradebauge-psychologue.fr\"]}]}<\/script>\n<!-- \/ Yoast SEO plugin. -->","yoast_head_json":{"title":"Mentions l\u00e9gales - Sandra Debauge Psychologue clinicienne","robots":{"index":"index","follow":"follow","max-snippet":"max-snippet:-1","max-image-preview":"max-image-preview:large","max-video-preview":"max-video-preview:-1"},"canonical":"https:\/\/sandradebauge-psychologue.fr\/index.php\/mentions-legales\/","og_locale":"en_US","og_type":"article","og_title":"Mentions l\u00e9gales - Sandra Debauge Psychologue clinicienne","og_description":"En vigueur au 01\/09\/2025 Conform\u00e9ment aux dispositions de la loi n\u00b02004-575 du 21 juin 2004 pour la Confiance en l\u2019\u00e9conomie [&hellip;]","og_url":"https:\/\/sandradebauge-psychologue.fr\/index.php\/mentions-legales\/","og_site_name":"Sandra Debauge Psychologue clinicienne","article_modified_time":"2025-09-05T13:19:19+00:00","twitter_card":"summary_large_image","twitter_misc":{"Est. reading time":"2 minutes"},"schema":{"@context":"https:\/\/schema.org","@graph":[{"@type":"WebPage","@id":"https:\/\/sandradebauge-psychologue.fr\/index.php\/mentions-legales\/","url":"https:\/\/sandradebauge-psychologue.fr\/index.php\/mentions-legales\/","name":"Mentions l\u00e9gales - Sandra Debauge Psychologue clinicienne","isPartOf":{"@id":"https:\/\/sandradebauge-psychologue.fr\/#website"},"datePublished":"2025-09-05T12:59:04+00:00","dateModified":"2025-09-05T13:19:19+00:00","breadcrumb":{"@id":"https:\/\/sandradebauge-psychologue.fr\/index.php\/mentions-legales\/#breadcrumb"},"inLanguage":"en-US","potentialAction":[{"@type":"ReadAction","target":["https:\/\/sandradebauge-psychologue.fr\/index.php\/mentions-legales\/"]}]},{"@type":"BreadcrumbList","@id":"https:\/\/sandradebauge-psychologue.fr\/index.php\/mentions-legales\/#breadcrumb","itemListElement":[{"@type":"ListItem","position":1,"name":"Accueil","item":"https:\/\/sandradebauge-psychologue.fr\/"},{"@type":"ListItem","position":2,"name":"Mentions l\u00e9gales"}]},{"@type":"WebSite","@id":"https:\/\/sandradebauge-psychologue.fr\/#website","url":"https:\/\/sandradebauge-psychologue.fr\/","name":"Sandra Debauge Psychologue clinicienne","description":"","publisher":{"@id":"https:\/\/sandradebauge-psychologue.fr\/#\/schema\/person\/f40de51e12369d50aebb59eddc90d452"},"potentialAction":[{"@type":"SearchAction","target":{"@type":"EntryPoint","urlTemplate":"https:\/\/sandradebauge-psychologue.fr\/?s={search_term_string}"},"query-input":{"@type":"PropertyValueSpecification","valueRequired":true,"valueName":"search_term_string"}}],"inLanguage":"en-US"},{"@type":["Person","Organization"],"@id":"https:\/\/sandradebauge-psychologue.fr\/#\/schema\/person\/f40de51e12369d50aebb59eddc90d452","name":"Sandra DEBAUGE","image":{"@type":"ImageObject","inLanguage":"en-US","@id":"https:\/\/sandradebauge-psychologue.fr\/#\/schema\/person\/image\/","url":"https:\/\/secure.gravatar.com\/avatar\/69f04193f58fae03ffad36d90945e32a7eef59c7569969dbf9313ba07d1b8ef5?s=96&d=mm&r=g","contentUrl":"https:\/\/secure.gravatar.com\/avatar\/69f04193f58fae03ffad36d90945e32a7eef59c7569969dbf9313ba07d1b8ef5?s=96&d=mm&r=g","caption":"Sandra DEBAUGE"},"logo":{"@id":"https:\/\/sandradebauge-psychologue.fr\/#\/schema\/person\/image\/"},"sameAs":["http:\/\/sandradebauge-psychologue.fr"]}]}},"_links":{"self":[{"href":"https:\/\/sandradebauge-psychologue.fr\/index.php\/wp-json\/wp\/v2\/pages\/1237","targetHints":{"allow":["GET"]}}],"collection":[{"href":"https:\/\/sandradebauge-psychologue.fr\/index.php\/wp-json\/wp\/v2\/pages"}],"about":[{"href":"https:\/\/sandradebauge-psychologue.fr\/index.php\/wp-json\/wp\/v2\/types\/page"}],"author":[{"embeddable":true,"href":"https:\/\/sandradebauge-psychologue.fr\/index.php\/wp-json\/wp\/v2\/users\/1"}],"replies":[{"embeddable":true,"href":"https:\/\/sandradebauge-psychologue.fr\/index.php\/wp-json\/wp\/v2\/comments?post=1237"}],"version-history":[{"count":7,"href":"https:\/\/sandradebauge-psychologue.fr\/index.php\/wp-json\/wp\/v2\/pages\/1237\/revisions"}],"predecessor-version":[{"id":1246,"href":"https:\/\/sandradebauge-psychologue.fr\/index.php\/wp-json\/wp\/v2\/pages\/1237\/revisions\/1246"}],"wp:attachment":[{"href":"https:\/\/sandradebauge-psychologue.fr\/index.php\/wp-json\/wp\/v2\/media?parent=1237"}],"curies":[{"name":"wp","href":"https:\/\/api.w.org\/{rel}","templated":true}]}}