{"id":1269,"date":"2025-10-17T14:54:55","date_gmt":"2025-10-17T12:54:55","guid":{"rendered":"https:\/\/sandradebauge-psychologue.fr\/?page_id=1269"},"modified":"2025-10-20T10:43:54","modified_gmt":"2025-10-20T08:43:54","slug":"ateliers-de-sensibilisation","status":"publish","type":"page","link":"https:\/\/sandradebauge-psychologue.fr\/index.php\/ateliers-de-sensibilisation\/","title":{"rendered":"Ateliers de sensibilisation"},"content":{"rendered":"\t\t<div data-elementor-type=\"wp-page\" data-elementor-id=\"1269\" class=\"elementor elementor-1269\">\n\t\t\t\t<div class=\"elementor-element elementor-element-b4a3997 e-flex e-con-boxed e-con e-parent\" data-id=\"b4a3997\" data-element_type=\"container\">\n\t\t\t\t\t<div class=\"e-con-inner\">\n\t\t\t\t<div class=\"elementor-element elementor-element-6e94edc elementor-widget elementor-widget-heading\" data-id=\"6e94edc\" data-element_type=\"widget\" data-widget_type=\"heading.default\">\n\t\t\t\t<div class=\"elementor-widget-container\">\n\t\t\t\t\t<h2 class=\"elementor-heading-title elementor-size-default\">Ateliers de sensibilisation<\/h2>\t\t\t\t<\/div>\n\t\t\t\t<\/div>\n\t\t\t\t\t<\/div>\n\t\t\t\t<\/div>\n\t\t<div class=\"elementor-element elementor-element-24f0190 e-flex e-con-boxed e-con e-parent\" data-id=\"24f0190\" data-element_type=\"container\">\n\t\t\t\t\t<div class=\"e-con-inner\">\n\t\t\t\t<div class=\"elementor-element elementor-element-7146790 elementor-widget elementor-widget-heading\" data-id=\"7146790\" data-element_type=\"widget\" data-widget_type=\"heading.default\">\n\t\t\t\t<div class=\"elementor-widget-container\">\n\t\t\t\t\t<h2 class=\"elementor-heading-title elementor-size-default\">Atelier : Rep\u00e9rage des signes de mal-\u00eatre chez l'enfant et l'adolescent<\/h2>\t\t\t\t<\/div>\n\t\t\t\t<\/div>\n\t\t\t\t\t<\/div>\n\t\t\t\t<\/div>\n\t\t<div class=\"elementor-element elementor-element-c4240bb e-flex e-con-boxed e-con e-parent\" data-id=\"c4240bb\" data-element_type=\"container\">\n\t\t\t\t\t<div class=\"e-con-inner\">\n\t\t\t\t<div class=\"elementor-element elementor-element-a980a4e elementor-widget elementor-widget-text-editor\" data-id=\"a980a4e\" data-element_type=\"widget\" data-widget_type=\"text-editor.default\">\n\t\t\t\t<div class=\"elementor-widget-container\">\n\t\t\t\t\t\t\t\t\t<h3 data-start=\"306\" data-end=\"334\">Modalit\u00e9s pratiques<\/h3><p data-start=\"97\" data-end=\"299\">Dur\u00e9e : 1 s\u00e9ance de 2 h 30<br data-start=\"123\" data-end=\"126\" \/>Public : parents, familles, \u00e9ducateurs, enseignants, professionnels de l\u2019enfance\u00a0<br data-start=\"206\" data-end=\"209\" \/>Groupe : 4 \u00e0 8 participants<br data-start=\"236\" data-end=\"239\" \/>Lieu : Brin-Sur-Seille<\/p><p data-start=\"97\" data-end=\"299\">Tarif : 50\u20ac par personne<\/p><p data-start=\"97\" data-end=\"299\">Accessible \u00e0 tous, aucun pr\u00e9requis n\u00e9cessaire.<\/p><p data-start=\"97\" data-end=\"299\">Adaptation possible pour \u00e9tablissements scolaires, structures m\u00e9dico-sociales, associations&#8230;\u00a0<\/p><h3 data-start=\"306\" data-end=\"334\">Pourquoi cet atelier ?<\/h3><p data-start=\"335\" data-end=\"689\">En tant qu&#8217;adulte de confiance, il n\u2019est pas toujours simple de savoir quand un enfant traverse une p\u00e9riode difficile ou quand il a vraiment besoin d\u2019aide. Certains signes sont visibles, d\u2019autres beaucoup plus discrets. Cet atelier vous donne des rep\u00e8res concrets pour mieux comprendre, observer et agir, sans rester seul face aux inqui\u00e9tudes.<\/p><h3 data-start=\"696\" data-end=\"711\">Objectifs<\/h3><ul data-start=\"712\" data-end=\"1083\"><li data-start=\"712\" data-end=\"797\"><p data-start=\"714\" data-end=\"797\">Mieux comprendre comment le mal-\u00eatre peut s&#8217;exprimer chez l\u2019enfant et l\u2019adolescent<\/p><\/li><li data-start=\"798\" data-end=\"858\"><p data-start=\"800\" data-end=\"858\">Identifier les signaux d\u2019alerte, m\u00eame les plus discrets<\/p><\/li><li data-start=\"859\" data-end=\"951\"><p data-start=\"861\" data-end=\"951\">Faire la diff\u00e9rence entre des comportements passagers et des signes qui doivent alerter<\/p><\/li><li data-start=\"952\" data-end=\"1018\"><p data-start=\"954\" data-end=\"1018\">Savoir comment accueillir la parole d\u2019un enfant en difficult\u00e9<\/p><\/li><li data-start=\"1019\" data-end=\"1083\"><p data-start=\"1021\" data-end=\"1083\">Conna\u00eetre les ressources vers lesquelles se tourner si besoin<\/p><\/li><\/ul>\t\t\t\t\t\t\t\t<\/div>\n\t\t\t\t<\/div>\n\t\t\t\t<div class=\"elementor-element elementor-element-acc6db0 elementor-align-justify elementor-mobile-align-left elementor-widget elementor-widget-button\" data-id=\"acc6db0\" data-element_type=\"widget\" data-widget_type=\"button.default\">\n\t\t\t\t<div class=\"elementor-widget-container\">\n\t\t\t\t\t\t\t\t\t<div class=\"elementor-button-wrapper\">\n\t\t\t\t\t<a class=\"elementor-button elementor-button-link elementor-size-sm\" href=\"https:\/\/sandradebauge-psychologue.fr\/index.php\/me-contacter\/\">\n\t\t\t\t\t\t<span class=\"elementor-button-content-wrapper\">\n\t\t\t\t\t\t\t\t\t<span class=\"elementor-button-text\">Inscription et contact<\/span>\n\t\t\t\t\t<\/span>\n\t\t\t\t\t<\/a>\n\t\t\t\t<\/div>\n\t\t\t\t\t\t\t\t<\/div>\n\t\t\t\t<\/div>\n\t\t\t\t\t<\/div>\n\t\t\t\t<\/div>\n\t\t<div class=\"elementor-element elementor-element-50a5dda e-flex e-con-boxed e-con e-parent\" data-id=\"50a5dda\" data-element_type=\"container\">\n\t\t\t\t\t<div class=\"e-con-inner\">\n\t\t\t\t<div class=\"elementor-element elementor-element-b91bc83 elementor-widget elementor-widget-heading\" data-id=\"b91bc83\" data-element_type=\"widget\" data-widget_type=\"heading.default\">\n\t\t\t\t<div class=\"elementor-widget-container\">\n\t\t\t\t\t<h2 class=\"elementor-heading-title elementor-size-default\">Atelier : Accompagner un enfant ou un adolescent victime de harc\u00e8lement scolaire<\/h2>\t\t\t\t<\/div>\n\t\t\t\t<\/div>\n\t\t\t\t\t<\/div>\n\t\t\t\t<\/div>\n\t\t<div class=\"elementor-element elementor-element-6a4e506 e-flex e-con-boxed e-con e-parent\" data-id=\"6a4e506\" data-element_type=\"container\">\n\t\t\t\t\t<div class=\"e-con-inner\">\n\t\t\t\t<div class=\"elementor-element elementor-element-742c0e9 elementor-widget elementor-widget-text-editor\" data-id=\"742c0e9\" data-element_type=\"widget\" data-widget_type=\"text-editor.default\">\n\t\t\t\t<div class=\"elementor-widget-container\">\n\t\t\t\t\t\t\t\t\t<h3 data-start=\"306\" data-end=\"334\">Modalit\u00e9s pratiques<\/h3><p data-start=\"107\" data-end=\"309\">Dur\u00e9e : 1 s\u00e9ance de 2 h 30<br data-start=\"133\" data-end=\"136\" \/>Public : parents, familles, \u00e9ducateurs, enseignants, professionnels de l\u2019enfance<br data-start=\"216\" data-end=\"219\" \/>Groupe : 4 \u00e0 8 participants<br data-start=\"246\" data-end=\"249\" \/>Lieu : Brin-Sur-Seille\u00a0<\/p><p data-start=\"107\" data-end=\"309\">Tarif : 50\u20ac par personne<\/p><p data-start=\"107\" data-end=\"309\">Adaptation possible pour \u00e9tablissements scolaires, structures m\u00e9dico-sociales, associations&#8230;\u00a0<\/p><p data-start=\"107\" data-end=\"309\">Accessible \u00e0 tous, aucun pr\u00e9requis n\u00e9cessaire.<\/p><h3 data-start=\"316\" data-end=\"344\">Pourquoi cet atelier ?<\/h3><p data-start=\"345\" data-end=\"735\">Le harc\u00e8lement scolaire est dangereux pour le d\u00e9veloppement psychologique des enfants et des adolescents. Les signes ne sont pas toujours \u00e9vidents \u00e0 rep\u00e9rer, et il peut \u00eatre difficile pour les parents ou les enseignants de savoir comment r\u00e9agir, quoi dire ou \u00e0 qui s\u2019adresser. Cet atelier vous donne des rep\u00e8res clairs et concrets pour accompagner votre enfant, vos \u00e9l\u00e8ves, avec confiance et efficacit\u00e9, sans vous sentir seul face \u00e0 la situation.<\/p><h3 data-start=\"742\" data-end=\"757\">Objectifs<\/h3><ul data-start=\"758\" data-end=\"1039\"><li data-start=\"758\" data-end=\"822\"><p data-start=\"760\" data-end=\"822\">Comprendre ce qu\u2019est le harc\u00e8lement scolaire et ses impacts<\/p><\/li><li data-start=\"823\" data-end=\"870\"><p data-start=\"825\" data-end=\"870\">Rep\u00e9rer les signes d\u2019alerte, m\u00eame discrets<\/p><\/li><li data-start=\"871\" data-end=\"931\"><p data-start=\"873\" data-end=\"931\">Savoir comment accueillir la parole d\u2019un enfant victime<\/p><\/li><li data-start=\"932\" data-end=\"984\"><p data-start=\"934\" data-end=\"984\">Identifier les relais et les d\u00e9marches \u00e0 suivre<\/p><\/li><li data-start=\"985\" data-end=\"1039\"><p data-start=\"987\" data-end=\"1039\">Renforcer votre r\u00f4le de soutien et d\u2019accompagnement<\/p><\/li><\/ul>\t\t\t\t\t\t\t\t<\/div>\n\t\t\t\t<\/div>\n\t\t\t\t<div class=\"elementor-element elementor-element-e0c68fb elementor-align-justify elementor-mobile-align-left elementor-widget elementor-widget-button\" data-id=\"e0c68fb\" data-element_type=\"widget\" data-widget_type=\"button.default\">\n\t\t\t\t<div class=\"elementor-widget-container\">\n\t\t\t\t\t\t\t\t\t<div class=\"elementor-button-wrapper\">\n\t\t\t\t\t<a class=\"elementor-button elementor-button-link elementor-size-sm\" href=\"https:\/\/sandradebauge-psychologue.fr\/index.php\/me-contacter\/\">\n\t\t\t\t\t\t<span class=\"elementor-button-content-wrapper\">\n\t\t\t\t\t\t\t\t\t<span class=\"elementor-button-text\">Inscription et contact<\/span>\n\t\t\t\t\t<\/span>\n\t\t\t\t\t<\/a>\n\t\t\t\t<\/div>\n\t\t\t\t\t\t\t\t<\/div>\n\t\t\t\t<\/div>\n\t\t\t\t\t<\/div>\n\t\t\t\t<\/div>\n\t\t<div class=\"elementor-element elementor-element-850a55e e-flex e-con-boxed e-con e-parent\" data-id=\"850a55e\" data-element_type=\"container\">\n\t\t\t\t\t<div class=\"e-con-inner\">\n\t\t\t\t\t<\/div>\n\t\t\t\t<\/div>\n\t\t\t\t<\/div>\n\t\t","protected":false},"excerpt":{"rendered":"<p>Ateliers de sensibilisation Atelier : Rep\u00e9rage des signes de mal-\u00eatre chez l&#8217;enfant et l&#8217;adolescent Modalit\u00e9s pratiques Dur\u00e9e : 1 s\u00e9ance [&hellip;]<\/p>\n","protected":false},"author":1,"featured_media":0,"parent":0,"menu_order":0,"comment_status":"closed","ping_status":"closed","template":"","meta":{"_monsterinsights_skip_tracking":false,"_monsterinsights_sitenote_active":false,"_monsterinsights_sitenote_note":"","_monsterinsights_sitenote_category":0,"site-sidebar-layout":"no-sidebar","site-content-layout":"","ast-site-content-layout":"full-width-container","site-content-style":"default","site-sidebar-style":"default","ast-global-header-display":"","ast-banner-title-visibility":"","ast-main-header-display":"","ast-hfb-above-header-display":"","ast-hfb-below-header-display":"","ast-hfb-mobile-header-display":"","site-post-title":"disabled","ast-breadcrumbs-content":"","ast-featured-img":"disabled","footer-sml-layout":"","theme-transparent-header-meta":"","adv-header-id-meta":"","stick-header-meta":"","header-above-stick-meta":"","header-main-stick-meta":"","header-below-stick-meta":"","astra-migrate-meta-layouts":"default","ast-page-background-enabled":"default","ast-page-background-meta":{"desktop":{"background-color":"var(--ast-global-color-5)","background-image":"","background-repeat":"repeat","background-position":"center center","background-size":"auto","background-attachment":"scroll","background-type":"","background-media":"","overlay-type":"","overlay-color":"","overlay-opacity":"","overlay-gradient":""},"tablet":{"background-color":"","background-image":"","background-repeat":"repeat","background-position":"center center","background-size":"auto","background-attachment":"scroll","background-type":"","background-media":"","overlay-type":"","overlay-color":"","overlay-opacity":"","overlay-gradient":""},"mobile":{"background-color":"","background-image":"","background-repeat":"repeat","background-position":"center center","background-size":"auto","background-attachment":"scroll","background-type":"","background-media":"","overlay-type":"","overlay-color":"","overlay-opacity":"","overlay-gradient":""}},"ast-content-background-meta":{"desktop":{"background-color":"var(--ast-global-color-4)","background-image":"","background-repeat":"repeat","background-position":"center center","background-size":"auto","background-attachment":"scroll","background-type":"","background-media":"","overlay-type":"","overlay-color":"","overlay-opacity":"","overlay-gradient":""},"tablet":{"background-color":"var(--ast-global-color-4)","background-image":"","background-repeat":"repeat","background-position":"center center","background-size":"auto","background-attachment":"scroll","background-type":"","background-media":"","overlay-type":"","overlay-color":"","overlay-opacity":"","overlay-gradient":""},"mobile":{"background-color":"var(--ast-global-color-4)","background-image":"","background-repeat":"repeat","background-position":"center center","background-size":"auto","background-attachment":"scroll","background-type":"","background-media":"","overlay-type":"","overlay-color":"","overlay-opacity":"","overlay-gradient":""}},"footnotes":""},"class_list":["post-1269","page","type-page","status-publish","hentry"],"yoast_head":"<!-- This site is optimized with the Yoast SEO plugin v25.8 - https:\/\/yoast.com\/wordpress\/plugins\/seo\/ -->\n<title>Ateliers de sensibilisation - Sandra Debauge Psychologue clinicienne<\/title>\n<meta name=\"robots\" content=\"index, follow, max-snippet:-1, max-image-preview:large, max-video-preview:-1\" \/>\n<link rel=\"canonical\" href=\"https:\/\/sandradebauge-psychologue.fr\/index.php\/ateliers-de-sensibilisation\/\" \/>\n<meta property=\"og:locale\" content=\"en_US\" \/>\n<meta property=\"og:type\" content=\"article\" \/>\n<meta property=\"og:title\" content=\"Ateliers de sensibilisation - Sandra Debauge Psychologue clinicienne\" \/>\n<meta property=\"og:description\" content=\"Ateliers de sensibilisation Atelier : Rep\u00e9rage des signes de mal-\u00eatre chez l&#8217;enfant et l&#8217;adolescent Modalit\u00e9s pratiques Dur\u00e9e : 1 s\u00e9ance [&hellip;]\" \/>\n<meta property=\"og:url\" content=\"https:\/\/sandradebauge-psychologue.fr\/index.php\/ateliers-de-sensibilisation\/\" \/>\n<meta property=\"og:site_name\" content=\"Sandra Debauge Psychologue clinicienne\" \/>\n<meta property=\"article:modified_time\" content=\"2025-10-20T08:43:54+00:00\" \/>\n<meta name=\"twitter:card\" content=\"summary_large_image\" \/>\n<meta name=\"twitter:label1\" content=\"Est. reading time\" \/>\n\t<meta name=\"twitter:data1\" content=\"2 minutes\" \/>\n<script type=\"application\/ld+json\" class=\"yoast-schema-graph\">{\"@context\":\"https:\/\/schema.org\",\"@graph\":[{\"@type\":\"WebPage\",\"@id\":\"https:\/\/sandradebauge-psychologue.fr\/index.php\/ateliers-de-sensibilisation\/\",\"url\":\"https:\/\/sandradebauge-psychologue.fr\/index.php\/ateliers-de-sensibilisation\/\",\"name\":\"Ateliers de sensibilisation - Sandra Debauge Psychologue clinicienne\",\"isPartOf\":{\"@id\":\"https:\/\/sandradebauge-psychologue.fr\/#website\"},\"datePublished\":\"2025-10-17T12:54:55+00:00\",\"dateModified\":\"2025-10-20T08:43:54+00:00\",\"breadcrumb\":{\"@id\":\"https:\/\/sandradebauge-psychologue.fr\/index.php\/ateliers-de-sensibilisation\/#breadcrumb\"},\"inLanguage\":\"en-US\",\"potentialAction\":[{\"@type\":\"ReadAction\",\"target\":[\"https:\/\/sandradebauge-psychologue.fr\/index.php\/ateliers-de-sensibilisation\/\"]}]},{\"@type\":\"BreadcrumbList\",\"@id\":\"https:\/\/sandradebauge-psychologue.fr\/index.php\/ateliers-de-sensibilisation\/#breadcrumb\",\"itemListElement\":[{\"@type\":\"ListItem\",\"position\":1,\"name\":\"Accueil\",\"item\":\"https:\/\/sandradebauge-psychologue.fr\/\"},{\"@type\":\"ListItem\",\"position\":2,\"name\":\"Ateliers de sensibilisation\"}]},{\"@type\":\"WebSite\",\"@id\":\"https:\/\/sandradebauge-psychologue.fr\/#website\",\"url\":\"https:\/\/sandradebauge-psychologue.fr\/\",\"name\":\"Sandra Debauge Psychologue clinicienne\",\"description\":\"\",\"publisher\":{\"@id\":\"https:\/\/sandradebauge-psychologue.fr\/#\/schema\/person\/f40de51e12369d50aebb59eddc90d452\"},\"potentialAction\":[{\"@type\":\"SearchAction\",\"target\":{\"@type\":\"EntryPoint\",\"urlTemplate\":\"https:\/\/sandradebauge-psychologue.fr\/?s={search_term_string}\"},\"query-input\":{\"@type\":\"PropertyValueSpecification\",\"valueRequired\":true,\"valueName\":\"search_term_string\"}}],\"inLanguage\":\"en-US\"},{\"@type\":[\"Person\",\"Organization\"],\"@id\":\"https:\/\/sandradebauge-psychologue.fr\/#\/schema\/person\/f40de51e12369d50aebb59eddc90d452\",\"name\":\"Sandra DEBAUGE\",\"image\":{\"@type\":\"ImageObject\",\"inLanguage\":\"en-US\",\"@id\":\"https:\/\/sandradebauge-psychologue.fr\/#\/schema\/person\/image\/\",\"url\":\"https:\/\/secure.gravatar.com\/avatar\/69f04193f58fae03ffad36d90945e32a7eef59c7569969dbf9313ba07d1b8ef5?s=96&d=mm&r=g\",\"contentUrl\":\"https:\/\/secure.gravatar.com\/avatar\/69f04193f58fae03ffad36d90945e32a7eef59c7569969dbf9313ba07d1b8ef5?s=96&d=mm&r=g\",\"caption\":\"Sandra DEBAUGE\"},\"logo\":{\"@id\":\"https:\/\/sandradebauge-psychologue.fr\/#\/schema\/person\/image\/\"},\"sameAs\":[\"http:\/\/sandradebauge-psychologue.fr\"]}]}<\/script>\n<!-- \/ Yoast SEO plugin. -->","yoast_head_json":{"title":"Ateliers de sensibilisation - Sandra Debauge Psychologue clinicienne","robots":{"index":"index","follow":"follow","max-snippet":"max-snippet:-1","max-image-preview":"max-image-preview:large","max-video-preview":"max-video-preview:-1"},"canonical":"https:\/\/sandradebauge-psychologue.fr\/index.php\/ateliers-de-sensibilisation\/","og_locale":"en_US","og_type":"article","og_title":"Ateliers de sensibilisation - Sandra Debauge Psychologue clinicienne","og_description":"Ateliers de sensibilisation Atelier : Rep\u00e9rage des signes de mal-\u00eatre chez l&#8217;enfant et l&#8217;adolescent Modalit\u00e9s pratiques Dur\u00e9e : 1 s\u00e9ance [&hellip;]","og_url":"https:\/\/sandradebauge-psychologue.fr\/index.php\/ateliers-de-sensibilisation\/","og_site_name":"Sandra Debauge Psychologue clinicienne","article_modified_time":"2025-10-20T08:43:54+00:00","twitter_card":"summary_large_image","twitter_misc":{"Est. reading time":"2 minutes"},"schema":{"@context":"https:\/\/schema.org","@graph":[{"@type":"WebPage","@id":"https:\/\/sandradebauge-psychologue.fr\/index.php\/ateliers-de-sensibilisation\/","url":"https:\/\/sandradebauge-psychologue.fr\/index.php\/ateliers-de-sensibilisation\/","name":"Ateliers de sensibilisation - Sandra Debauge Psychologue clinicienne","isPartOf":{"@id":"https:\/\/sandradebauge-psychologue.fr\/#website"},"datePublished":"2025-10-17T12:54:55+00:00","dateModified":"2025-10-20T08:43:54+00:00","breadcrumb":{"@id":"https:\/\/sandradebauge-psychologue.fr\/index.php\/ateliers-de-sensibilisation\/#breadcrumb"},"inLanguage":"en-US","potentialAction":[{"@type":"ReadAction","target":["https:\/\/sandradebauge-psychologue.fr\/index.php\/ateliers-de-sensibilisation\/"]}]},{"@type":"BreadcrumbList","@id":"https:\/\/sandradebauge-psychologue.fr\/index.php\/ateliers-de-sensibilisation\/#breadcrumb","itemListElement":[{"@type":"ListItem","position":1,"name":"Accueil","item":"https:\/\/sandradebauge-psychologue.fr\/"},{"@type":"ListItem","position":2,"name":"Ateliers de sensibilisation"}]},{"@type":"WebSite","@id":"https:\/\/sandradebauge-psychologue.fr\/#website","url":"https:\/\/sandradebauge-psychologue.fr\/","name":"Sandra Debauge Psychologue clinicienne","description":"","publisher":{"@id":"https:\/\/sandradebauge-psychologue.fr\/#\/schema\/person\/f40de51e12369d50aebb59eddc90d452"},"potentialAction":[{"@type":"SearchAction","target":{"@type":"EntryPoint","urlTemplate":"https:\/\/sandradebauge-psychologue.fr\/?s={search_term_string}"},"query-input":{"@type":"PropertyValueSpecification","valueRequired":true,"valueName":"search_term_string"}}],"inLanguage":"en-US"},{"@type":["Person","Organization"],"@id":"https:\/\/sandradebauge-psychologue.fr\/#\/schema\/person\/f40de51e12369d50aebb59eddc90d452","name":"Sandra DEBAUGE","image":{"@type":"ImageObject","inLanguage":"en-US","@id":"https:\/\/sandradebauge-psychologue.fr\/#\/schema\/person\/image\/","url":"https:\/\/secure.gravatar.com\/avatar\/69f04193f58fae03ffad36d90945e32a7eef59c7569969dbf9313ba07d1b8ef5?s=96&d=mm&r=g","contentUrl":"https:\/\/secure.gravatar.com\/avatar\/69f04193f58fae03ffad36d90945e32a7eef59c7569969dbf9313ba07d1b8ef5?s=96&d=mm&r=g","caption":"Sandra DEBAUGE"},"logo":{"@id":"https:\/\/sandradebauge-psychologue.fr\/#\/schema\/person\/image\/"},"sameAs":["http:\/\/sandradebauge-psychologue.fr"]}]}},"_links":{"self":[{"href":"https:\/\/sandradebauge-psychologue.fr\/index.php\/wp-json\/wp\/v2\/pages\/1269","targetHints":{"allow":["GET"]}}],"collection":[{"href":"https:\/\/sandradebauge-psychologue.fr\/index.php\/wp-json\/wp\/v2\/pages"}],"about":[{"href":"https:\/\/sandradebauge-psychologue.fr\/index.php\/wp-json\/wp\/v2\/types\/page"}],"author":[{"embeddable":true,"href":"https:\/\/sandradebauge-psychologue.fr\/index.php\/wp-json\/wp\/v2\/users\/1"}],"replies":[{"embeddable":true,"href":"https:\/\/sandradebauge-psychologue.fr\/index.php\/wp-json\/wp\/v2\/comments?post=1269"}],"version-history":[{"count":43,"href":"https:\/\/sandradebauge-psychologue.fr\/index.php\/wp-json\/wp\/v2\/pages\/1269\/revisions"}],"predecessor-version":[{"id":1351,"href":"https:\/\/sandradebauge-psychologue.fr\/index.php\/wp-json\/wp\/v2\/pages\/1269\/revisions\/1351"}],"wp:attachment":[{"href":"https:\/\/sandradebauge-psychologue.fr\/index.php\/wp-json\/wp\/v2\/media?parent=1269"}],"curies":[{"name":"wp","href":"https:\/\/api.w.org\/{rel}","templated":true}]}}