{"id":549,"date":"2025-08-15T12:55:55","date_gmt":"2025-08-15T10:55:55","guid":{"rendered":"https:\/\/sandradebauge-psychologue.fr\/?page_id=549"},"modified":"2025-10-17T15:06:26","modified_gmt":"2025-10-17T13:06:26","slug":"evaluation-psychologique-et-cognitive","status":"publish","type":"page","link":"https:\/\/sandradebauge-psychologue.fr\/index.php\/evaluation-psychologique-et-cognitive\/","title":{"rendered":"Evaluation psychologique et cognitive"},"content":{"rendered":"\t\t<div data-elementor-type=\"wp-page\" data-elementor-id=\"549\" class=\"elementor elementor-549\">\n\t\t\t\t<div class=\"elementor-element elementor-element-fdcebab e-flex e-con-boxed e-con e-parent\" data-id=\"fdcebab\" data-element_type=\"container\">\n\t\t\t\t\t<div class=\"e-con-inner\">\n\t\t\t\t<div class=\"elementor-element elementor-element-71bbcbe elementor-widget elementor-widget-heading\" data-id=\"71bbcbe\" data-element_type=\"widget\" data-widget_type=\"heading.default\">\n\t\t\t\t<div class=\"elementor-widget-container\">\n\t\t\t\t\t<h2 class=\"elementor-heading-title elementor-size-default\">Evaluation psychologique et cognitive<\/h2>\t\t\t\t<\/div>\n\t\t\t\t<\/div>\n\t\t\t\t\t<\/div>\n\t\t\t\t<\/div>\n\t\t<div class=\"elementor-element elementor-element-59520e38 e-flex e-con-boxed e-con e-parent\" data-id=\"59520e38\" data-element_type=\"container\" data-settings=\"{&quot;background_background&quot;:&quot;classic&quot;}\">\n\t\t\t\t\t<div class=\"e-con-inner\">\n\t\t<div class=\"elementor-element elementor-element-3a5e0f91 e-con-full e-flex elementor-invisible e-con e-child\" data-id=\"3a5e0f91\" data-element_type=\"container\" data-settings=\"{&quot;animation&quot;:&quot;fadeInUp&quot;,&quot;animation_delay&quot;:300}\">\n\t\t\t\t<div class=\"elementor-element elementor-element-21a59210 elementor-widget__width-initial elementor-widget elementor-widget-text-editor\" data-id=\"21a59210\" data-element_type=\"widget\" data-widget_type=\"text-editor.default\">\n\t\t\t\t<div class=\"elementor-widget-container\">\n\t\t\t\t\t\t\t\t\t<p>Une \u00e9valuation psychologique et\/ou cognitive<strong> permet de mieux comprendre le fonctionnement intellectuel, affectif et\/ou relationnel d&#8217;une personne<\/strong>.\u00a0<\/p><p><span class=\"wixui-rich-text__text\">R\u00e9alis\u00e9e \u00e0 l&#8217;aide de <strong>tests\u00a0 standardis\u00e9s<\/strong>, elle apporte des rep\u00e8res fiables sur diff\u00e9rents aspects du fonctionnement psychologique.<\/span><\/p><p><span class=\"wixui-rich-text__text\">Elle s&#8217;adresse \u00e0 tous, <strong>enfants (\u00e0 partir de 6 ans), adolescents et adultes<\/strong>, en fonction des attentes de chacun.\u00a0 <\/span><\/p><p><span class=\"wixui-rich-text__text\">Elle peut \u00eatre r\u00e9alis\u00e9e \u00e0 la demande du patient ou de la famille, ou \u00e0 la demande d&#8217;un tiers (\u00e9cole, MDPH, m\u00e9decin traitant).\u00a0<\/span><\/p><p><span class=\"wixui-rich-text__text\">Elle est pr\u00e9conis\u00e9e dans les cas suivants :\u00a0\u00a0<\/span><\/p><ul class=\"font_8 wixui-rich-text__text\"><li><strong><span class=\"wixui-rich-text__text\">Recherche diagnostique de troubles des apprentissages<\/span><\/strong><\/li><li><strong><span class=\"wixui-rich-text__text\">Recherche diagnostique de Trouble D\u00e9ficitaire de l&#8217;Attention avec ou sans Hyperactivit\u00e9<\/span><\/strong><\/li><li><strong>Recherche diagnostique de Trouble du Spectre Autistique<\/strong><\/li><li><strong><span class=\"wixui-rich-text__text\">Evaluation du quotient intellectuel\u00a0<\/span><\/strong><\/li><li><strong>Profil sensoriel<\/strong>\u00a0<\/li><li><strong>Evaluation de la structure de personnalit\u00e9<\/strong><\/li><\/ul><p class=\"font_8 wixui-rich-text__text\"><span class=\"wixui-rich-text__text\">Le bilan psychologique conduit ainsi \u00e0 une <strong>meilleure compr\u00e9hension du fonctionnement psychologique de la personne, et permet de lui proposer une prise en charge sp\u00e9cifique et adapt\u00e9e \u00e0 ses besoins propres<\/strong>.<\/span><\/p><p class=\"font_8 wixui-rich-text__text\">\u00a0<\/p>\t\t\t\t\t\t\t\t<\/div>\n\t\t\t\t<\/div>\n\t\t\t\t<\/div>\n\t\t\t\t\t<\/div>\n\t\t\t\t<\/div>\n\t\t<div class=\"elementor-element elementor-element-8063913 e-flex e-con-boxed e-con e-parent\" data-id=\"8063913\" data-element_type=\"container\">\n\t\t\t\t\t<div class=\"e-con-inner\">\n\t\t\t\t<div class=\"elementor-element elementor-element-2258a28 elementor-align-center elementor-widget elementor-widget-button\" data-id=\"2258a28\" data-element_type=\"widget\" data-widget_type=\"button.default\">\n\t\t\t\t<div class=\"elementor-widget-container\">\n\t\t\t\t\t\t\t\t\t<div class=\"elementor-button-wrapper\">\n\t\t\t\t\t<a class=\"elementor-button elementor-button-link elementor-size-sm\" href=\"https:\/\/sandradebauge-psychologue.fr\/index.php\/informations-pratiques\/\">\n\t\t\t\t\t\t<span class=\"elementor-button-content-wrapper\">\n\t\t\t\t\t\t\t\t\t<span class=\"elementor-button-text\">Informations pratiques et tarifs<\/span>\n\t\t\t\t\t<\/span>\n\t\t\t\t\t<\/a>\n\t\t\t\t<\/div>\n\t\t\t\t\t\t\t\t<\/div>\n\t\t\t\t<\/div>\n\t\t\t\t\t<\/div>\n\t\t\t\t<\/div>\n\t\t\t\t<\/div>\n\t\t","protected":false},"excerpt":{"rendered":"<p>Evaluation psychologique et cognitive Une \u00e9valuation psychologique et\/ou cognitive permet de mieux comprendre le fonctionnement intellectuel, affectif et\/ou relationnel d&#8217;une [&hellip;]<\/p>\n","protected":false},"author":1,"featured_media":0,"parent":0,"menu_order":0,"comment_status":"closed","ping_status":"closed","template":"","meta":{"_monsterinsights_skip_tracking":false,"_monsterinsights_sitenote_active":false,"_monsterinsights_sitenote_note":"","_monsterinsights_sitenote_category":0,"site-sidebar-layout":"no-sidebar","site-content-layout":"","ast-site-content-layout":"full-width-container","site-content-style":"default","site-sidebar-style":"default","ast-global-header-display":"","ast-banner-title-visibility":"","ast-main-header-display":"","ast-hfb-above-header-display":"","ast-hfb-below-header-display":"","ast-hfb-mobile-header-display":"","site-post-title":"disabled","ast-breadcrumbs-content":"","ast-featured-img":"disabled","footer-sml-layout":"","theme-transparent-header-meta":"","adv-header-id-meta":"","stick-header-meta":"","header-above-stick-meta":"","header-main-stick-meta":"","header-below-stick-meta":"","astra-migrate-meta-layouts":"default","ast-page-background-enabled":"default","ast-page-background-meta":{"desktop":{"background-color":"var(--ast-global-color-5)","background-image":"","background-repeat":"repeat","background-position":"center center","background-size":"auto","background-attachment":"scroll","background-type":"","background-media":"","overlay-type":"","overlay-color":"","overlay-opacity":"","overlay-gradient":""},"tablet":{"background-color":"","background-image":"","background-repeat":"repeat","background-position":"center center","background-size":"auto","background-attachment":"scroll","background-type":"","background-media":"","overlay-type":"","overlay-color":"","overlay-opacity":"","overlay-gradient":""},"mobile":{"background-color":"","background-image":"","background-repeat":"repeat","background-position":"center center","background-size":"auto","background-attachment":"scroll","background-type":"","background-media":"","overlay-type":"","overlay-color":"","overlay-opacity":"","overlay-gradient":""}},"ast-content-background-meta":{"desktop":{"background-color":"var(--ast-global-color-4)","background-image":"","background-repeat":"repeat","background-position":"center center","background-size":"auto","background-attachment":"scroll","background-type":"","background-media":"","overlay-type":"","overlay-color":"","overlay-opacity":"","overlay-gradient":""},"tablet":{"background-color":"var(--ast-global-color-4)","background-image":"","background-repeat":"repeat","background-position":"center center","background-size":"auto","background-attachment":"scroll","background-type":"","background-media":"","overlay-type":"","overlay-color":"","overlay-opacity":"","overlay-gradient":""},"mobile":{"background-color":"var(--ast-global-color-4)","background-image":"","background-repeat":"repeat","background-position":"center center","background-size":"auto","background-attachment":"scroll","background-type":"","background-media":"","overlay-type":"","overlay-color":"","overlay-opacity":"","overlay-gradient":""}},"footnotes":""},"class_list":["post-549","page","type-page","status-publish","hentry"],"yoast_head":"<!-- This site is optimized with the Yoast SEO plugin v25.8 - https:\/\/yoast.com\/wordpress\/plugins\/seo\/ -->\n<title>Evaluation psychologique et cognitive - Sandra Debauge Psychologue clinicienne<\/title>\n<meta name=\"description\" content=\"Passation de tests et r\u00e9alisation de bilans psychologiques et cognitifs : Quotient Intellectuel, Trouble D\u00e9ficitaire de l&#039;Attention avec ou sans Hyperactivit\u00e9, Trouble du Spectre Autistique...\" \/>\n<meta name=\"robots\" content=\"index, follow, max-snippet:-1, max-image-preview:large, max-video-preview:-1\" \/>\n<link rel=\"canonical\" href=\"https:\/\/sandradebauge-psychologue.fr\/index.php\/evaluation-psychologique-et-cognitive\/\" \/>\n<meta property=\"og:locale\" content=\"en_US\" \/>\n<meta property=\"og:type\" content=\"article\" \/>\n<meta property=\"og:title\" content=\"Evaluation psychologique et cognitive - Sandra Debauge Psychologue clinicienne\" \/>\n<meta property=\"og:description\" content=\"Passation de tests et r\u00e9alisation de bilans psychologiques et cognitifs : Quotient Intellectuel, Trouble D\u00e9ficitaire de l&#039;Attention avec ou sans Hyperactivit\u00e9, Trouble du Spectre Autistique...\" \/>\n<meta property=\"og:url\" content=\"https:\/\/sandradebauge-psychologue.fr\/index.php\/evaluation-psychologique-et-cognitive\/\" \/>\n<meta property=\"og:site_name\" content=\"Sandra Debauge Psychologue clinicienne\" \/>\n<meta property=\"article:modified_time\" content=\"2025-10-17T13:06:26+00:00\" \/>\n<meta name=\"twitter:card\" content=\"summary_large_image\" \/>\n<meta name=\"twitter:label1\" content=\"Est. reading time\" \/>\n\t<meta name=\"twitter:data1\" content=\"1 minute\" \/>\n<script type=\"application\/ld+json\" class=\"yoast-schema-graph\">{\"@context\":\"https:\/\/schema.org\",\"@graph\":[{\"@type\":\"WebPage\",\"@id\":\"https:\/\/sandradebauge-psychologue.fr\/index.php\/evaluation-psychologique-et-cognitive\/\",\"url\":\"https:\/\/sandradebauge-psychologue.fr\/index.php\/evaluation-psychologique-et-cognitive\/\",\"name\":\"Evaluation psychologique et cognitive - Sandra Debauge Psychologue clinicienne\",\"isPartOf\":{\"@id\":\"https:\/\/sandradebauge-psychologue.fr\/#website\"},\"datePublished\":\"2025-08-15T10:55:55+00:00\",\"dateModified\":\"2025-10-17T13:06:26+00:00\",\"description\":\"Passation de tests et r\u00e9alisation de bilans psychologiques et cognitifs : Quotient Intellectuel, Trouble D\u00e9ficitaire de l'Attention avec ou sans Hyperactivit\u00e9, Trouble du Spectre Autistique...\",\"breadcrumb\":{\"@id\":\"https:\/\/sandradebauge-psychologue.fr\/index.php\/evaluation-psychologique-et-cognitive\/#breadcrumb\"},\"inLanguage\":\"en-US\",\"potentialAction\":[{\"@type\":\"ReadAction\",\"target\":[\"https:\/\/sandradebauge-psychologue.fr\/index.php\/evaluation-psychologique-et-cognitive\/\"]}]},{\"@type\":\"BreadcrumbList\",\"@id\":\"https:\/\/sandradebauge-psychologue.fr\/index.php\/evaluation-psychologique-et-cognitive\/#breadcrumb\",\"itemListElement\":[{\"@type\":\"ListItem\",\"position\":1,\"name\":\"Accueil\",\"item\":\"https:\/\/sandradebauge-psychologue.fr\/\"},{\"@type\":\"ListItem\",\"position\":2,\"name\":\"Evaluation psychologique et cognitive\"}]},{\"@type\":\"WebSite\",\"@id\":\"https:\/\/sandradebauge-psychologue.fr\/#website\",\"url\":\"https:\/\/sandradebauge-psychologue.fr\/\",\"name\":\"Sandra Debauge Psychologue clinicienne\",\"description\":\"\",\"publisher\":{\"@id\":\"https:\/\/sandradebauge-psychologue.fr\/#\/schema\/person\/f40de51e12369d50aebb59eddc90d452\"},\"potentialAction\":[{\"@type\":\"SearchAction\",\"target\":{\"@type\":\"EntryPoint\",\"urlTemplate\":\"https:\/\/sandradebauge-psychologue.fr\/?s={search_term_string}\"},\"query-input\":{\"@type\":\"PropertyValueSpecification\",\"valueRequired\":true,\"valueName\":\"search_term_string\"}}],\"inLanguage\":\"en-US\"},{\"@type\":[\"Person\",\"Organization\"],\"@id\":\"https:\/\/sandradebauge-psychologue.fr\/#\/schema\/person\/f40de51e12369d50aebb59eddc90d452\",\"name\":\"Sandra DEBAUGE\",\"image\":{\"@type\":\"ImageObject\",\"inLanguage\":\"en-US\",\"@id\":\"https:\/\/sandradebauge-psychologue.fr\/#\/schema\/person\/image\/\",\"url\":\"https:\/\/secure.gravatar.com\/avatar\/69f04193f58fae03ffad36d90945e32a7eef59c7569969dbf9313ba07d1b8ef5?s=96&d=mm&r=g\",\"contentUrl\":\"https:\/\/secure.gravatar.com\/avatar\/69f04193f58fae03ffad36d90945e32a7eef59c7569969dbf9313ba07d1b8ef5?s=96&d=mm&r=g\",\"caption\":\"Sandra DEBAUGE\"},\"logo\":{\"@id\":\"https:\/\/sandradebauge-psychologue.fr\/#\/schema\/person\/image\/\"},\"sameAs\":[\"http:\/\/sandradebauge-psychologue.fr\"]}]}<\/script>\n<!-- \/ Yoast SEO plugin. -->","yoast_head_json":{"title":"Evaluation psychologique et cognitive - Sandra Debauge Psychologue clinicienne","description":"Passation de tests et r\u00e9alisation de bilans psychologiques et cognitifs : Quotient Intellectuel, Trouble D\u00e9ficitaire de l'Attention avec ou sans Hyperactivit\u00e9, Trouble du Spectre Autistique...","robots":{"index":"index","follow":"follow","max-snippet":"max-snippet:-1","max-image-preview":"max-image-preview:large","max-video-preview":"max-video-preview:-1"},"canonical":"https:\/\/sandradebauge-psychologue.fr\/index.php\/evaluation-psychologique-et-cognitive\/","og_locale":"en_US","og_type":"article","og_title":"Evaluation psychologique et cognitive - Sandra Debauge Psychologue clinicienne","og_description":"Passation de tests et r\u00e9alisation de bilans psychologiques et cognitifs : Quotient Intellectuel, Trouble D\u00e9ficitaire de l'Attention avec ou sans Hyperactivit\u00e9, Trouble du Spectre Autistique...","og_url":"https:\/\/sandradebauge-psychologue.fr\/index.php\/evaluation-psychologique-et-cognitive\/","og_site_name":"Sandra Debauge Psychologue clinicienne","article_modified_time":"2025-10-17T13:06:26+00:00","twitter_card":"summary_large_image","twitter_misc":{"Est. reading time":"1 minute"},"schema":{"@context":"https:\/\/schema.org","@graph":[{"@type":"WebPage","@id":"https:\/\/sandradebauge-psychologue.fr\/index.php\/evaluation-psychologique-et-cognitive\/","url":"https:\/\/sandradebauge-psychologue.fr\/index.php\/evaluation-psychologique-et-cognitive\/","name":"Evaluation psychologique et cognitive - Sandra Debauge Psychologue clinicienne","isPartOf":{"@id":"https:\/\/sandradebauge-psychologue.fr\/#website"},"datePublished":"2025-08-15T10:55:55+00:00","dateModified":"2025-10-17T13:06:26+00:00","description":"Passation de tests et r\u00e9alisation de bilans psychologiques et cognitifs : Quotient Intellectuel, Trouble D\u00e9ficitaire de l'Attention avec ou sans Hyperactivit\u00e9, Trouble du Spectre Autistique...","breadcrumb":{"@id":"https:\/\/sandradebauge-psychologue.fr\/index.php\/evaluation-psychologique-et-cognitive\/#breadcrumb"},"inLanguage":"en-US","potentialAction":[{"@type":"ReadAction","target":["https:\/\/sandradebauge-psychologue.fr\/index.php\/evaluation-psychologique-et-cognitive\/"]}]},{"@type":"BreadcrumbList","@id":"https:\/\/sandradebauge-psychologue.fr\/index.php\/evaluation-psychologique-et-cognitive\/#breadcrumb","itemListElement":[{"@type":"ListItem","position":1,"name":"Accueil","item":"https:\/\/sandradebauge-psychologue.fr\/"},{"@type":"ListItem","position":2,"name":"Evaluation psychologique et cognitive"}]},{"@type":"WebSite","@id":"https:\/\/sandradebauge-psychologue.fr\/#website","url":"https:\/\/sandradebauge-psychologue.fr\/","name":"Sandra Debauge Psychologue clinicienne","description":"","publisher":{"@id":"https:\/\/sandradebauge-psychologue.fr\/#\/schema\/person\/f40de51e12369d50aebb59eddc90d452"},"potentialAction":[{"@type":"SearchAction","target":{"@type":"EntryPoint","urlTemplate":"https:\/\/sandradebauge-psychologue.fr\/?s={search_term_string}"},"query-input":{"@type":"PropertyValueSpecification","valueRequired":true,"valueName":"search_term_string"}}],"inLanguage":"en-US"},{"@type":["Person","Organization"],"@id":"https:\/\/sandradebauge-psychologue.fr\/#\/schema\/person\/f40de51e12369d50aebb59eddc90d452","name":"Sandra DEBAUGE","image":{"@type":"ImageObject","inLanguage":"en-US","@id":"https:\/\/sandradebauge-psychologue.fr\/#\/schema\/person\/image\/","url":"https:\/\/secure.gravatar.com\/avatar\/69f04193f58fae03ffad36d90945e32a7eef59c7569969dbf9313ba07d1b8ef5?s=96&d=mm&r=g","contentUrl":"https:\/\/secure.gravatar.com\/avatar\/69f04193f58fae03ffad36d90945e32a7eef59c7569969dbf9313ba07d1b8ef5?s=96&d=mm&r=g","caption":"Sandra DEBAUGE"},"logo":{"@id":"https:\/\/sandradebauge-psychologue.fr\/#\/schema\/person\/image\/"},"sameAs":["http:\/\/sandradebauge-psychologue.fr"]}]}},"_links":{"self":[{"href":"https:\/\/sandradebauge-psychologue.fr\/index.php\/wp-json\/wp\/v2\/pages\/549","targetHints":{"allow":["GET"]}}],"collection":[{"href":"https:\/\/sandradebauge-psychologue.fr\/index.php\/wp-json\/wp\/v2\/pages"}],"about":[{"href":"https:\/\/sandradebauge-psychologue.fr\/index.php\/wp-json\/wp\/v2\/types\/page"}],"author":[{"embeddable":true,"href":"https:\/\/sandradebauge-psychologue.fr\/index.php\/wp-json\/wp\/v2\/users\/1"}],"replies":[{"embeddable":true,"href":"https:\/\/sandradebauge-psychologue.fr\/index.php\/wp-json\/wp\/v2\/comments?post=549"}],"version-history":[{"count":40,"href":"https:\/\/sandradebauge-psychologue.fr\/index.php\/wp-json\/wp\/v2\/pages\/549\/revisions"}],"predecessor-version":[{"id":1291,"href":"https:\/\/sandradebauge-psychologue.fr\/index.php\/wp-json\/wp\/v2\/pages\/549\/revisions\/1291"}],"wp:attachment":[{"href":"https:\/\/sandradebauge-psychologue.fr\/index.php\/wp-json\/wp\/v2\/media?parent=549"}],"curies":[{"name":"wp","href":"https:\/\/api.w.org\/{rel}","templated":true}]}}